{"id":762,"date":"2020-12-10T10:39:24","date_gmt":"2020-12-10T09:39:24","guid":{"rendered":"http:\/\/inmabenicio.es\/?post_type=product&#038;p=762"},"modified":"2023-11-07T19:56:50","modified_gmt":"2023-11-07T18:56:50","slug":"tarjeta-regalo","status":"publish","type":"product","link":"https:\/\/inmabenicio.es\/?product=tarjeta-regalo","title":{"rendered":"Tarjeta regalo"},"content":{"rendered":"<div class=\"product-details-module__title ec-header-h6\"><strong>Informaci\u00f3n del producto<\/strong><\/div>\n<div class=\"product-details-module__content\">\n<div id=\"productDescription\" class=\"product-details__product-description\" itemprop=\"description\">\n<div>Esto es una tarjeta regalo. Tras la compra, recibir\u00e1 un correo electr\u00f3nico con la tarjeta regalo e instrucciones sobre c\u00f3mo usarla. La tarjeta se puede utilizar como pago para cualquiera de nuestros productos.<\/div>\n<\/div>\n<\/div>\n","protected":false},"excerpt":{"rendered":"<p>Informaci\u00f3n del producto Esto es una tarjeta regalo. Tras la compra, recibir\u00e1 un correo electr\u00f3nico con la tarjeta regalo e &hellip; <a href=\"https:\/\/inmabenicio.es\/?product=tarjeta-regalo\" class=\"more-link\"><span class=\"more-button\">Sigue leyendo<span class=\"screen-reader-text\">Tarjeta regalo<\/span><\/span><\/a><\/p>\n","protected":false},"featured_media":763,"template":"","meta":{"_bbp_topic_count":0,"_bbp_reply_count":0,"_bbp_total_topic_count":0,"_bbp_total_reply_count":0,"_bbp_voice_count":0,"_bbp_anonymous_reply_count":0,"_bbp_topic_count_hidden":0,"_bbp_reply_count_hidden":0,"_bbp_forum_subforum_count":0,"sfsi_plus_gutenberg_text_before_share":"","sfsi_plus_gutenberg_show_text_before_share":"","sfsi_plus_gutenberg_icon_type":"","sfsi_plus_gutenberg_icon_alignemt":"","sfsi_plus_gutenburg_max_per_row":""},"product_cat":[86],"product_tag":[50],"class_list":{"0":"post-762","1":"product","2":"type-product","3":"status-publish","4":"has-post-thumbnail","6":"product_cat-tarjeta-regalo","7":"product_tag-tarjeta-regalo","9":"first","10":"instock","11":"shipping-taxable","12":"purchasable","13":"product-type-variable"},"jetpack_sharing_enabled":true,"_links":{"self":[{"href":"https:\/\/inmabenicio.es\/index.php?rest_route=\/wp\/v3\/product\/762","targetHints":{"allow":["GET"]}}],"collection":[{"href":"https:\/\/inmabenicio.es\/index.php?rest_route=\/wp\/v3\/product"}],"about":[{"href":"https:\/\/inmabenicio.es\/index.php?rest_route=\/wp\/v2\/types\/product"}],"wp:featuredmedia":[{"embeddable":true,"href":"https:\/\/inmabenicio.es\/index.php?rest_route=\/wp\/v2\/media\/763"}],"wp:attachment":[{"href":"https:\/\/inmabenicio.es\/index.php?rest_route=%2Fwp%2Fv2%2Fmedia&parent=762"}],"wp:term":[{"taxonomy":"product_cat","embeddable":true,"href":"https:\/\/inmabenicio.es\/index.php?rest_route=%2Fwp%2Fv2%2Fproduct_cat&post=762"},{"taxonomy":"product_tag","embeddable":true,"href":"https:\/\/inmabenicio.es\/index.php?rest_route=%2Fwp%2Fv2%2Fproduct_tag&post=762"}],"curies":[{"name":"wp","href":"https:\/\/api.w.org\/{rel}","templated":true}]}}