{"id":2735,"date":"2023-02-21T23:11:37","date_gmt":"2023-02-21T22:11:37","guid":{"rendered":"https:\/\/inmabenicio.es\/?post_type=product&#038;p=2735"},"modified":"2023-02-21T23:19:13","modified_gmt":"2023-02-21T22:19:13","slug":"2023-coleccion-lerele-modelo-manton","status":"publish","type":"product","link":"https:\/\/inmabenicio.es\/?product=2023-coleccion-lerele-modelo-manton","title":{"rendered":"2023 &#8211; Colecci\u00f3n Lerele &#8211; Modelo MANT\u00d3N"},"content":{"rendered":"<p>Modelo MANT\u00d3N de la nueva colecci\u00f3n &lt;Lerele&gt; presentada en SIMOF 2023.<\/p>\n<p>Traje MANT\u00d3N con flecos. Ideal no s\u00f3lo para la feria sino para un evento especial.<\/p>\n<p>Si desea traje a medida, talla superior, en otros tejidos o colores o la fecha de entrega estimada debe ser otra consultar por mail info@inmabenicio.es o Tlfno. 654172220.<\/p>\n<p>Gu\u00eda de tallas:<\/p>\n<table border=\"0\" frame=\"VOID\" rules=\"NONE\" cellspacing=\"0\">\n<colgroup>\n<col width=\"171\" \/>\n<col width=\"86\" \/>\n<col width=\"86\" \/>\n<col width=\"86\" \/>\n<col width=\"86\" \/>\n<col width=\"86\" \/><\/colgroup>\n<tbody>\n<tr>\n<td align=\"LEFT\" width=\"171\" height=\"17\"><span style=\"font-family: Bahnschrift Light;\">\u00a0<\/span><\/td>\n<td align=\"CENTER\" width=\"86\"><b><span style=\"font-family: Bahnschrift Light;\">36<\/span><\/b><\/td>\n<td align=\"CENTER\" width=\"86\"><b><span style=\"font-family: Bahnschrift Light;\">38<\/span><\/b><\/td>\n<td align=\"CENTER\" width=\"86\"><b><span style=\"font-family: Bahnschrift Light;\">40<\/span><\/b><\/td>\n<td align=\"CENTER\" width=\"86\"><b><span style=\"font-family: Bahnschrift Light;\">42<\/span><\/b><\/td>\n<td align=\"CENTER\" width=\"86\"><b><span style=\"font-family: Bahnschrift Light;\">44<\/span><\/b><\/td>\n<\/tr>\n<tr>\n<td align=\"LEFT\" height=\"17\"><b><span style=\"font-family: Bahnschrift Light;\">Contorno Pecho (cm)<\/span><\/b><\/td>\n<td align=\"CENTER\"><span style=\"font-family: Bahnschrift Light;\">84<\/span><\/td>\n<td align=\"CENTER\"><span style=\"font-family: Bahnschrift Light;\">88<\/span><\/td>\n<td align=\"CENTER\"><span style=\"font-family: Bahnschrift Light;\">92<\/span><\/td>\n<td align=\"CENTER\"><span style=\"font-family: Bahnschrift Light;\">95<\/span><\/td>\n<td align=\"CENTER\"><span style=\"font-family: Bahnschrift Light;\">98<\/span><\/td>\n<\/tr>\n<tr>\n<td align=\"LEFT\" height=\"17\"><b><span style=\"font-family: Bahnschrift Light;\">Contorno Cintura (cm)<\/span><\/b><\/td>\n<td align=\"CENTER\"><span style=\"font-family: Bahnschrift Light;\">62<\/span><\/td>\n<td align=\"CENTER\"><span style=\"font-family: Bahnschrift Light;\">66<\/span><\/td>\n<td align=\"CENTER\"><span style=\"font-family: Bahnschrift Light;\">70<\/span><\/td>\n<td align=\"CENTER\"><span style=\"font-family: Bahnschrift Light;\">75<\/span><\/td>\n<td align=\"CENTER\"><span style=\"font-family: Bahnschrift Light;\">80<\/span><\/td>\n<\/tr>\n<tr>\n<td align=\"LEFT\" height=\"17\"><b><span style=\"font-family: Bahnschrift Light;\">Contorno Caderas (cm)<\/span><\/b><\/td>\n<td align=\"CENTER\"><span style=\"font-family: Bahnschrift Light;\">90<\/span><\/td>\n<td align=\"CENTER\"><span style=\"font-family: Bahnschrift Light;\">94<\/span><\/td>\n<td align=\"CENTER\"><span style=\"font-family: Bahnschrift Light;\">98<\/span><\/td>\n<td align=\"CENTER\"><span style=\"font-family: Bahnschrift Light;\">102<\/span><\/td>\n<td align=\"CENTER\"><span style=\"font-family: Bahnschrift Light;\">107<\/span><\/td>\n<\/tr>\n<\/tbody>\n<\/table>\n","protected":false},"excerpt":{"rendered":"<p>Modelo MANT\u00d3N de la nueva colecci\u00f3n &lt;Lerele&gt; presentada en SIMOF 2023.<\/p>\n<p>Traje MANT\u00d3N con flecos. Ideal no s\u00f3lo para la feria sino para un evento especial.<\/p>\n<p>Si desea traje a medida, talla superior, en otros tejidos o colores o la fecha de entrega estimada debe ser otra consultar por mail info@inmabenicio.es o Tlfno. 654172220.<\/p>\n<p>Traje MANT\u00d3N con flecos. Ideal no s\u00f3lo para la feria sino para un evento especial.<\/p>\n<p>Si desea traje a medida, talla superior, en otros tejidos o colores o la fecha de entrega estimada debe ser otra consultar por mail info@inmabenicio.es o Tlfno. 654172220. &hellip; <a href=\"https:\/\/inmabenicio.es\/?product=2023-coleccion-lerele-modelo-manton\" class=\"more-link\"><span class=\"more-button\">Sigue leyendo<span class=\"screen-reader-text\">2023 &#8211; Colecci\u00f3n Lerele &#8211; Modelo MANT\u00d3N<\/span><\/span><\/a><\/p>\n","protected":false},"featured_media":2741,"template":"","meta":{"_bbp_topic_count":0,"_bbp_reply_count":0,"_bbp_total_topic_count":0,"_bbp_total_reply_count":0,"_bbp_voice_count":0,"_bbp_anonymous_reply_count":0,"_bbp_topic_count_hidden":0,"_bbp_reply_count_hidden":0,"_bbp_forum_subforum_count":0,"sfsi_plus_gutenberg_text_before_share":"","sfsi_plus_gutenberg_show_text_before_share":"","sfsi_plus_gutenberg_icon_type":"","sfsi_plus_gutenberg_icon_alignemt":"","sfsi_plus_gutenburg_max_per_row":""},"product_cat":[329],"product_tag":[],"class_list":{"0":"post-2735","1":"product","2":"type-product","3":"status-publish","4":"has-post-thumbnail","6":"product_cat-traje-de-flamenca","7":"product_shipping_class-traje-de-flamenca","9":"first","10":"instock","11":"shipping-taxable","12":"purchasable","13":"product-type-variable"},"jetpack_sharing_enabled":true,"_links":{"self":[{"href":"https:\/\/inmabenicio.es\/index.php?rest_route=\/wp\/v3\/product\/2735","targetHints":{"allow":["GET"]}}],"collection":[{"href":"https:\/\/inmabenicio.es\/index.php?rest_route=\/wp\/v3\/product"}],"about":[{"href":"https:\/\/inmabenicio.es\/index.php?rest_route=\/wp\/v2\/types\/product"}],"wp:featuredmedia":[{"embeddable":true,"href":"https:\/\/inmabenicio.es\/index.php?rest_route=\/wp\/v2\/media\/2741"}],"wp:attachment":[{"href":"https:\/\/inmabenicio.es\/index.php?rest_route=%2Fwp%2Fv2%2Fmedia&parent=2735"}],"wp:term":[{"taxonomy":"product_cat","embeddable":true,"href":"https:\/\/inmabenicio.es\/index.php?rest_route=%2Fwp%2Fv2%2Fproduct_cat&post=2735"},{"taxonomy":"product_tag","embeddable":true,"href":"https:\/\/inmabenicio.es\/index.php?rest_route=%2Fwp%2Fv2%2Fproduct_tag&post=2735"}],"curies":[{"name":"wp","href":"https:\/\/api.w.org\/{rel}","templated":true}]}}