{"id":169,"date":"2019-11-09T16:59:04","date_gmt":"2019-11-09T15:59:04","guid":{"rendered":"http:\/\/inmabenicio.es\/?page_id=169"},"modified":"2021-02-04T23:22:50","modified_gmt":"2021-02-04T22:22:50","slug":"nuestras-invitadas","status":"publish","type":"page","link":"https:\/\/inmabenicio.es\/?page_id=169","title":{"rendered":"Nuestras Invitadas"},"content":{"rendered":"<p style=\"text-align: center;\"><strong>SIQ 2020: &#8220;Luz de Esperanza&#8221;<\/strong><\/p>\n<p style=\"text-align: center;\"><img loading=\"lazy\" decoding=\"async\" class=\"alignnone size-medium wp-image-651\" src=\"https:\/\/inmabenicio.es\/wp-content\/uploads\/2020\/08\/IMG_20200719_110857_605-300x300.jpg\" alt=\"\" width=\"300\" height=\"300\" srcset=\"https:\/\/inmabenicio.es\/wp-content\/uploads\/2020\/08\/IMG_20200719_110857_605-300x300.jpg 300w, https:\/\/inmabenicio.es\/wp-content\/uploads\/2020\/08\/IMG_20200719_110857_605-scaled-100x100.jpg 100w, https:\/\/inmabenicio.es\/wp-content\/uploads\/2020\/08\/IMG_20200719_110857_605-scaled-600x600.jpg 600w, https:\/\/inmabenicio.es\/wp-content\/uploads\/2020\/08\/IMG_20200719_110857_605-1024x1024.jpg 1024w, https:\/\/inmabenicio.es\/wp-content\/uploads\/2020\/08\/IMG_20200719_110857_605-150x150.jpg 150w, https:\/\/inmabenicio.es\/wp-content\/uploads\/2020\/08\/IMG_20200719_110857_605-768x768.jpg 768w, https:\/\/inmabenicio.es\/wp-content\/uploads\/2020\/08\/IMG_20200719_110857_605-1536x1536.jpg 1536w, https:\/\/inmabenicio.es\/wp-content\/uploads\/2020\/08\/IMG_20200719_110857_605-2048x2048.jpg 2048w, https:\/\/inmabenicio.es\/wp-content\/uploads\/2020\/08\/IMG_20200719_110857_605-640x640.jpg 640w, https:\/\/inmabenicio.es\/wp-content\/uploads\/2020\/08\/IMG_20200719_110857_605-480x480.jpg 480w, https:\/\/inmabenicio.es\/wp-content\/uploads\/2020\/08\/IMG_20200719_110857_605-666x666.jpg 666w, https:\/\/inmabenicio.es\/wp-content\/uploads\/2020\/08\/IMG_20200719_110857_605-50x50.jpg 50w\" sizes=\"auto, (max-width: 300px) 100vw, 300px\" \/>\u00a0 \u00a0 \u00a0<img loading=\"lazy\" decoding=\"async\" class=\"alignnone size-medium wp-image-654\" src=\"https:\/\/inmabenicio.es\/wp-content\/uploads\/2020\/08\/inma-benicio-200x300.jpg\" alt=\"\" width=\"200\" height=\"300\" srcset=\"https:\/\/inmabenicio.es\/wp-content\/uploads\/2020\/08\/inma-benicio-200x300.jpg 200w, https:\/\/inmabenicio.es\/wp-content\/uploads\/2020\/08\/inma-benicio-scaled-600x900.jpg 600w, https:\/\/inmabenicio.es\/wp-content\/uploads\/2020\/08\/inma-benicio-683x1024.jpg 683w, https:\/\/inmabenicio.es\/wp-content\/uploads\/2020\/08\/inma-benicio-768x1152.jpg 768w, https:\/\/inmabenicio.es\/wp-content\/uploads\/2020\/08\/inma-benicio-1024x1536.jpg 1024w, https:\/\/inmabenicio.es\/wp-content\/uploads\/2020\/08\/inma-benicio-1365x2048.jpg 1365w, https:\/\/inmabenicio.es\/wp-content\/uploads\/2020\/08\/inma-benicio-scaled.jpg 1707w\" sizes=\"auto, (max-width: 200px) 100vw, 200px\" \/>\u00a0 \u00a0\u00a0 \u00a0<img loading=\"lazy\" decoding=\"async\" class=\"alignnone size-medium wp-image-650\" src=\"https:\/\/inmabenicio.es\/wp-content\/uploads\/2020\/08\/IMG_20200719_110729_938-300x300.jpg\" alt=\"\" width=\"300\" height=\"300\" \/><\/p>\n<p>&nbsp;<\/p>\n<div style=\"width: 944px;\" class=\"wp-video\"><video class=\"wp-video-shortcode\" id=\"video-169-1\" width=\"944\" height=\"752\" preload=\"metadata\" controls=\"controls\"><source type=\"video\/mp4\" src=\"http:\/\/inmabenicio.es\/wp-content\/uploads\/2020\/08\/20200719_1059351.mp4?_=1\" \/><a href=\"http:\/\/inmabenicio.es\/wp-content\/uploads\/2020\/08\/20200719_1059351.mp4\">http:\/\/inmabenicio.es\/wp-content\/uploads\/2020\/08\/20200719_1059351.mp4<\/a><\/video><\/div>\n<pre>Localizaci\u00f3n: Real F\u00e1brica de Artiller\u00eda de Sevilla\r\nOrganizaci\u00f3n: Asociaci\u00f3n de Artesanos Dise\u00f1adores de Moda de Sevilla: D\u00c1RT\r\nEquipo y Producci\u00f3n: Agencia de Comunicaci\u00f3n y moda Doble Erre @doble_errese\r\nModelo: Irene Lora\r\nFotogr\u00e1fo: Andrew Jim\r\nC\u00e1mara: @jesuspenavideo\r\nDirector art\u00edstico: @pedrogonzalezmoda\r\nMake-up: @pedrogonzalezmoda\r\nHairstyle: @quintanaestilista<\/pre>\n<p>__________________________________________________________________________________________________________________<\/p>\n<p style=\"text-align: center;\"><strong>PRENSA<\/strong><\/p>\n<p><img loading=\"lazy\" decoding=\"async\" class=\"wp-image-649 aligncenter\" src=\"https:\/\/inmabenicio.es\/wp-content\/uploads\/2020\/08\/20200806_180043_0000-188x300.png\" alt=\"\" width=\"365\" height=\"582\" srcset=\"https:\/\/inmabenicio.es\/wp-content\/uploads\/2020\/08\/20200806_180043_0000-188x300.png 188w, https:\/\/inmabenicio.es\/wp-content\/uploads\/2020\/08\/20200806_180043_0000-600x957.png 600w, https:\/\/inmabenicio.es\/wp-content\/uploads\/2020\/08\/20200806_180043_0000-642x1024.png 642w, https:\/\/inmabenicio.es\/wp-content\/uploads\/2020\/08\/20200806_180043_0000-768x1226.png 768w, https:\/\/inmabenicio.es\/wp-content\/uploads\/2020\/08\/20200806_180043_0000-963x1536.png 963w, https:\/\/inmabenicio.es\/wp-content\/uploads\/2020\/08\/20200806_180043_0000-1283x2048.png 1283w, https:\/\/inmabenicio.es\/wp-content\/uploads\/2020\/08\/20200806_180043_0000.png 1410w\" sizes=\"auto, (max-width: 365px) 100vw, 365px\" \/><\/p>\n","protected":false},"excerpt":{"rendered":"<p>SIQ 2020: &#8220;Luz de Esperanza&#8221; \u00a0 \u00a0 \u00a0\u00a0 \u00a0\u00a0 \u00a0 &nbsp; Localizaci\u00f3n: Real F\u00e1brica de Artiller\u00eda de Sevilla Organizaci\u00f3n: Asociaci\u00f3n &hellip; <a href=\"https:\/\/inmabenicio.es\/?page_id=169\" class=\"more-link\"><span class=\"more-button\">Sigue leyendo<span class=\"screen-reader-text\">Nuestras Invitadas<\/span><\/span><\/a><\/p>\n","protected":false},"author":1,"featured_media":0,"parent":58,"menu_order":2,"comment_status":"closed","ping_status":"closed","template":"","meta":{"_bbp_topic_count":0,"_bbp_reply_count":0,"_bbp_total_topic_count":0,"_bbp_total_reply_count":0,"_bbp_voice_count":0,"_bbp_anonymous_reply_count":0,"_bbp_topic_count_hidden":0,"_bbp_reply_count_hidden":0,"_bbp_forum_subforum_count":0,"sfsi_plus_gutenberg_text_before_share":"","sfsi_plus_gutenberg_show_text_before_share":"","sfsi_plus_gutenberg_icon_type":"","sfsi_plus_gutenberg_icon_alignemt":"","sfsi_plus_gutenburg_max_per_row":"","footnotes":""},"class_list":["post-169","page","type-page","status-publish","hentry"],"jetpack_sharing_enabled":true,"_links":{"self":[{"href":"https:\/\/inmabenicio.es\/index.php?rest_route=\/wp\/v2\/pages\/169","targetHints":{"allow":["GET"]}}],"collection":[{"href":"https:\/\/inmabenicio.es\/index.php?rest_route=\/wp\/v2\/pages"}],"about":[{"href":"https:\/\/inmabenicio.es\/index.php?rest_route=\/wp\/v2\/types\/page"}],"author":[{"embeddable":true,"href":"https:\/\/inmabenicio.es\/index.php?rest_route=\/wp\/v2\/users\/1"}],"replies":[{"embeddable":true,"href":"https:\/\/inmabenicio.es\/index.php?rest_route=%2Fwp%2Fv2%2Fcomments&post=169"}],"version-history":[{"count":12,"href":"https:\/\/inmabenicio.es\/index.php?rest_route=\/wp\/v2\/pages\/169\/revisions"}],"predecessor-version":[{"id":1816,"href":"https:\/\/inmabenicio.es\/index.php?rest_route=\/wp\/v2\/pages\/169\/revisions\/1816"}],"up":[{"embeddable":true,"href":"https:\/\/inmabenicio.es\/index.php?rest_route=\/wp\/v2\/pages\/58"}],"wp:attachment":[{"href":"https:\/\/inmabenicio.es\/index.php?rest_route=%2Fwp%2Fv2%2Fmedia&parent=169"}],"curies":[{"name":"wp","href":"https:\/\/api.w.org\/{rel}","templated":true}]}}