{"id":1682,"date":"2021-02-03T23:34:34","date_gmt":"2021-02-03T22:34:34","guid":{"rendered":"https:\/\/inmabenicio.es\/?page_id=1682"},"modified":"2021-02-06T14:42:02","modified_gmt":"2021-02-06T13:42:02","slug":"nuestras-colaboraciones","status":"publish","type":"page","link":"https:\/\/inmabenicio.es\/?page_id=1682","title":{"rendered":"Nuestras Colaboraciones"},"content":{"rendered":"<p><strong>Beatriz Jarr\u00edn<\/strong>. Presentadora y colaboradora de TV y radio. Actualmente en el programa &#8220;Austeros&#8221; en La Sexta.<\/p>\n<p><img loading=\"lazy\" decoding=\"async\" class=\"alignnone size-medium wp-image-1084\" src=\"https:\/\/inmabenicio.es\/wp-content\/uploads\/2020\/12\/Screenshot_20201229_130913-253x300.jpg\" alt=\"\" width=\"253\" height=\"300\" srcset=\"https:\/\/inmabenicio.es\/wp-content\/uploads\/2020\/12\/Screenshot_20201229_130913-253x300.jpg 253w, https:\/\/inmabenicio.es\/wp-content\/uploads\/2020\/12\/Screenshot_20201229_130913-862x1024.jpg 862w, https:\/\/inmabenicio.es\/wp-content\/uploads\/2020\/12\/Screenshot_20201229_130913-768x912.jpg 768w, https:\/\/inmabenicio.es\/wp-content\/uploads\/2020\/12\/Screenshot_20201229_130913-600x713.jpg 600w, https:\/\/inmabenicio.es\/wp-content\/uploads\/2020\/12\/Screenshot_20201229_130913.jpg 1080w\" sizes=\"auto, (max-width: 253px) 100vw, 253px\" \/> <img loading=\"lazy\" decoding=\"async\" class=\"alignnone size-medium wp-image-1615\" src=\"https:\/\/inmabenicio.es\/wp-content\/uploads\/2021\/01\/roselindeaccessories_20200905_120206_1-240x300.jpg\" alt=\"\" width=\"240\" height=\"300\" srcset=\"https:\/\/inmabenicio.es\/wp-content\/uploads\/2021\/01\/roselindeaccessories_20200905_120206_1-240x300.jpg 240w, https:\/\/inmabenicio.es\/wp-content\/uploads\/2021\/01\/roselindeaccessories_20200905_120206_1-819x1024.jpg 819w, https:\/\/inmabenicio.es\/wp-content\/uploads\/2021\/01\/roselindeaccessories_20200905_120206_1-768x960.jpg 768w, https:\/\/inmabenicio.es\/wp-content\/uploads\/2021\/01\/roselindeaccessories_20200905_120206_1-600x750.jpg 600w, https:\/\/inmabenicio.es\/wp-content\/uploads\/2021\/01\/roselindeaccessories_20200905_120206_1.jpg 1080w\" sizes=\"auto, (max-width: 240px) 100vw, 240px\" \/> <img loading=\"lazy\" decoding=\"async\" class=\"alignnone size-medium wp-image-1181\" src=\"https:\/\/inmabenicio.es\/wp-content\/uploads\/2020\/12\/IMG-20210108-WA0019-240x300.jpg\" alt=\"\" width=\"240\" height=\"300\" srcset=\"https:\/\/inmabenicio.es\/wp-content\/uploads\/2020\/12\/IMG-20210108-WA0019-240x300.jpg 240w, https:\/\/inmabenicio.es\/wp-content\/uploads\/2020\/12\/IMG-20210108-WA0019-819x1024.jpg 819w, https:\/\/inmabenicio.es\/wp-content\/uploads\/2020\/12\/IMG-20210108-WA0019-768x960.jpg 768w, https:\/\/inmabenicio.es\/wp-content\/uploads\/2020\/12\/IMG-20210108-WA0019-600x750.jpg 600w, https:\/\/inmabenicio.es\/wp-content\/uploads\/2020\/12\/IMG-20210108-WA0019.jpg 1080w\" sizes=\"auto, (max-width: 240px) 100vw, 240px\" \/><img loading=\"lazy\" decoding=\"async\" class=\"alignnone size-medium wp-image-1606\" src=\"https:\/\/inmabenicio.es\/wp-content\/uploads\/2021\/01\/1593100221831-300x300.jpg\" alt=\"\" width=\"300\" height=\"300\" srcset=\"https:\/\/inmabenicio.es\/wp-content\/uploads\/2021\/01\/1593100221831-300x300.jpg 300w, https:\/\/inmabenicio.es\/wp-content\/uploads\/2021\/01\/1593100221831-150x150.jpg 150w, https:\/\/inmabenicio.es\/wp-content\/uploads\/2021\/01\/1593100221831-50x50.jpg 50w, https:\/\/inmabenicio.es\/wp-content\/uploads\/2021\/01\/1593100221831-100x100.jpg 100w, https:\/\/inmabenicio.es\/wp-content\/uploads\/2021\/01\/1593100221831.jpg 359w\" sizes=\"auto, (max-width: 300px) 100vw, 300px\" \/><\/p>\n<p><strong>Mar Villalobos<\/strong>. Reportera del programa &#8220;Aqu\u00ed la tierra&#8221; de TVE.<\/p>\n<p><img loading=\"lazy\" decoding=\"async\" class=\"alignnone size-medium wp-image-1608\" src=\"https:\/\/inmabenicio.es\/wp-content\/uploads\/2021\/01\/IMG_20210112_000716_875-300x190.jpg\" alt=\"\" width=\"300\" height=\"190\" srcset=\"https:\/\/inmabenicio.es\/wp-content\/uploads\/2021\/01\/IMG_20210112_000716_875-300x190.jpg 300w, https:\/\/inmabenicio.es\/wp-content\/uploads\/2021\/01\/IMG_20210112_000716_875-1024x649.jpg 1024w, https:\/\/inmabenicio.es\/wp-content\/uploads\/2021\/01\/IMG_20210112_000716_875-768x487.jpg 768w, https:\/\/inmabenicio.es\/wp-content\/uploads\/2021\/01\/IMG_20210112_000716_875-1536x973.jpg 1536w, https:\/\/inmabenicio.es\/wp-content\/uploads\/2021\/01\/IMG_20210112_000716_875-2048x1298.jpg 2048w, https:\/\/inmabenicio.es\/wp-content\/uploads\/2021\/01\/IMG_20210112_000716_875-600x380.jpg 600w\" sizes=\"auto, (max-width: 300px) 100vw, 300px\" \/> <img loading=\"lazy\" decoding=\"async\" class=\"alignnone size-medium wp-image-1609\" src=\"https:\/\/inmabenicio.es\/wp-content\/uploads\/2021\/01\/IMG_20210114_220324_728-300x300.jpg\" alt=\"\" width=\"300\" height=\"300\" srcset=\"https:\/\/inmabenicio.es\/wp-content\/uploads\/2021\/01\/IMG_20210114_220324_728-300x300.jpg 300w, https:\/\/inmabenicio.es\/wp-content\/uploads\/2021\/01\/IMG_20210114_220324_728-1024x1024.jpg 1024w, https:\/\/inmabenicio.es\/wp-content\/uploads\/2021\/01\/IMG_20210114_220324_728-150x150.jpg 150w, https:\/\/inmabenicio.es\/wp-content\/uploads\/2021\/01\/IMG_20210114_220324_728-768x767.jpg 768w, https:\/\/inmabenicio.es\/wp-content\/uploads\/2021\/01\/IMG_20210114_220324_728-640x640.jpg 640w, https:\/\/inmabenicio.es\/wp-content\/uploads\/2021\/01\/IMG_20210114_220324_728-480x480.jpg 480w, https:\/\/inmabenicio.es\/wp-content\/uploads\/2021\/01\/IMG_20210114_220324_728-666x666.jpg 666w, https:\/\/inmabenicio.es\/wp-content\/uploads\/2021\/01\/IMG_20210114_220324_728-50x50.jpg 50w, https:\/\/inmabenicio.es\/wp-content\/uploads\/2021\/01\/IMG_20210114_220324_728-600x599.jpg 600w, https:\/\/inmabenicio.es\/wp-content\/uploads\/2021\/01\/IMG_20210114_220324_728-100x100.jpg 100w, https:\/\/inmabenicio.es\/wp-content\/uploads\/2021\/01\/IMG_20210114_220324_728.jpg 1111w\" sizes=\"auto, (max-width: 300px) 100vw, 300px\" \/> <img loading=\"lazy\" decoding=\"async\" class=\"alignnone size-medium wp-image-1610\" src=\"https:\/\/inmabenicio.es\/wp-content\/uploads\/2021\/01\/IMG_20210117_183655_516-256x300.jpg\" alt=\"\" width=\"256\" height=\"300\" srcset=\"https:\/\/inmabenicio.es\/wp-content\/uploads\/2021\/01\/IMG_20210117_183655_516-256x300.jpg 256w, https:\/\/inmabenicio.es\/wp-content\/uploads\/2021\/01\/IMG_20210117_183655_516-874x1024.jpg 874w, https:\/\/inmabenicio.es\/wp-content\/uploads\/2021\/01\/IMG_20210117_183655_516-768x900.jpg 768w, https:\/\/inmabenicio.es\/wp-content\/uploads\/2021\/01\/IMG_20210117_183655_516-600x703.jpg 600w, https:\/\/inmabenicio.es\/wp-content\/uploads\/2021\/01\/IMG_20210117_183655_516.jpg 1080w\" sizes=\"auto, (max-width: 256px) 100vw, 256px\" \/><\/p>\n<p><img loading=\"lazy\" decoding=\"async\" class=\"alignnone size-medium wp-image-1612\" src=\"https:\/\/inmabenicio.es\/wp-content\/uploads\/2021\/01\/IMG_20210124_132500_830-300x293.jpg\" alt=\"\" width=\"300\" height=\"293\" srcset=\"https:\/\/inmabenicio.es\/wp-content\/uploads\/2021\/01\/IMG_20210124_132500_830-300x293.jpg 300w, https:\/\/inmabenicio.es\/wp-content\/uploads\/2021\/01\/IMG_20210124_132500_830-1024x999.jpg 1024w, https:\/\/inmabenicio.es\/wp-content\/uploads\/2021\/01\/IMG_20210124_132500_830-768x750.jpg 768w, https:\/\/inmabenicio.es\/wp-content\/uploads\/2021\/01\/IMG_20210124_132500_830-50x50.jpg 50w, https:\/\/inmabenicio.es\/wp-content\/uploads\/2021\/01\/IMG_20210124_132500_830-600x586.jpg 600w, https:\/\/inmabenicio.es\/wp-content\/uploads\/2021\/01\/IMG_20210124_132500_830.jpg 1080w\" sizes=\"auto, (max-width: 300px) 100vw, 300px\" \/> <img loading=\"lazy\" decoding=\"async\" class=\"alignnone size-medium wp-image-1613\" src=\"https:\/\/inmabenicio.es\/wp-content\/uploads\/2021\/01\/IMG_20210130_113303_303-240x300.jpg\" alt=\"\" width=\"240\" height=\"300\" srcset=\"https:\/\/inmabenicio.es\/wp-content\/uploads\/2021\/01\/IMG_20210130_113303_303-240x300.jpg 240w, https:\/\/inmabenicio.es\/wp-content\/uploads\/2021\/01\/IMG_20210130_113303_303-819x1024.jpg 819w, https:\/\/inmabenicio.es\/wp-content\/uploads\/2021\/01\/IMG_20210130_113303_303-768x960.jpg 768w, https:\/\/inmabenicio.es\/wp-content\/uploads\/2021\/01\/IMG_20210130_113303_303-600x750.jpg 600w, https:\/\/inmabenicio.es\/wp-content\/uploads\/2021\/01\/IMG_20210130_113303_303.jpg 1080w\" sizes=\"auto, (max-width: 240px) 100vw, 240px\" \/> <img loading=\"lazy\" decoding=\"async\" class=\"alignnone size-medium wp-image-1201\" src=\"https:\/\/inmabenicio.es\/wp-content\/uploads\/2021\/01\/1599906186031-240x300.jpg\" alt=\"\" width=\"240\" height=\"300\" srcset=\"https:\/\/inmabenicio.es\/wp-content\/uploads\/2021\/01\/1599906186031-240x300.jpg 240w, https:\/\/inmabenicio.es\/wp-content\/uploads\/2021\/01\/1599906186031.jpg 270w\" sizes=\"auto, (max-width: 240px) 100vw, 240px\" \/><\/p>\n<p><img loading=\"lazy\" decoding=\"async\" class=\"alignnone size-medium wp-image-1097\" src=\"https:\/\/inmabenicio.es\/wp-content\/uploads\/2020\/12\/Negra-Topito-4-300x300.jpg\" alt=\"\" width=\"300\" height=\"300\" srcset=\"https:\/\/inmabenicio.es\/wp-content\/uploads\/2020\/12\/Negra-Topito-4-300x300.jpg 300w, https:\/\/inmabenicio.es\/wp-content\/uploads\/2020\/12\/Negra-Topito-4-150x150.jpg 150w, https:\/\/inmabenicio.es\/wp-content\/uploads\/2020\/12\/Negra-Topito-4-480x480.jpg 480w, https:\/\/inmabenicio.es\/wp-content\/uploads\/2020\/12\/Negra-Topito-4-50x50.jpg 50w, https:\/\/inmabenicio.es\/wp-content\/uploads\/2020\/12\/Negra-Topito-4-600x599.jpg 600w, https:\/\/inmabenicio.es\/wp-content\/uploads\/2020\/12\/Negra-Topito-4-100x100.jpg 100w, https:\/\/inmabenicio.es\/wp-content\/uploads\/2020\/12\/Negra-Topito-4.jpg 635w\" sizes=\"auto, (max-width: 300px) 100vw, 300px\" \/> <img loading=\"lazy\" decoding=\"async\" class=\"alignnone size-medium wp-image-1094\" src=\"https:\/\/inmabenicio.es\/wp-content\/uploads\/2020\/12\/IMG_20201229_143032_940-169x300.jpg\" alt=\"\" width=\"169\" height=\"300\" srcset=\"https:\/\/inmabenicio.es\/wp-content\/uploads\/2020\/12\/IMG_20201229_143032_940-169x300.jpg 169w, https:\/\/inmabenicio.es\/wp-content\/uploads\/2020\/12\/IMG_20201229_143032_940-576x1024.jpg 576w, https:\/\/inmabenicio.es\/wp-content\/uploads\/2020\/12\/IMG_20201229_143032_940-600x1068.jpg 600w, https:\/\/inmabenicio.es\/wp-content\/uploads\/2020\/12\/IMG_20201229_143032_940.jpg 734w\" sizes=\"auto, (max-width: 169px) 100vw, 169px\" \/> <img loading=\"lazy\" decoding=\"async\" class=\"alignnone size-medium wp-image-929\" src=\"https:\/\/inmabenicio.es\/wp-content\/uploads\/2020\/12\/14-240x300.jpg\" alt=\"\" width=\"240\" height=\"300\" srcset=\"https:\/\/inmabenicio.es\/wp-content\/uploads\/2020\/12\/14-240x300.jpg 240w, https:\/\/inmabenicio.es\/wp-content\/uploads\/2020\/12\/14.jpg 396w\" sizes=\"auto, (max-width: 240px) 100vw, 240px\" \/><\/p>\n<p><strong>Jose Antonio Le\u00f3n<\/strong>. Periodista y reportero del programa &#8220;S\u00e1lvame&#8221; de Tele 5.<\/p>\n<p><img loading=\"lazy\" decoding=\"async\" class=\"alignnone wp-image-1617 size-medium\" src=\"https:\/\/inmabenicio.es\/wp-content\/uploads\/2021\/01\/IMG-20200716-WA0025-e1612018680325-286x300.jpg\" alt=\"\" width=\"286\" height=\"300\" srcset=\"https:\/\/inmabenicio.es\/wp-content\/uploads\/2021\/01\/IMG-20200716-WA0025-e1612018680325-286x300.jpg 286w, https:\/\/inmabenicio.es\/wp-content\/uploads\/2021\/01\/IMG-20200716-WA0025-e1612018680325-600x630.jpg 600w, https:\/\/inmabenicio.es\/wp-content\/uploads\/2021\/01\/IMG-20200716-WA0025-e1612018680325.jpg 742w\" sizes=\"auto, (max-width: 286px) 100vw, 286px\" \/> <img loading=\"lazy\" decoding=\"async\" class=\"alignnone size-medium wp-image-1616\" src=\"https:\/\/inmabenicio.es\/wp-content\/uploads\/2021\/01\/IMG-20200730-WA0005-240x300.jpg\" alt=\"\" width=\"240\" height=\"300\" srcset=\"https:\/\/inmabenicio.es\/wp-content\/uploads\/2021\/01\/IMG-20200730-WA0005-240x300.jpg 240w, https:\/\/inmabenicio.es\/wp-content\/uploads\/2021\/01\/IMG-20200730-WA0005-819x1024.jpg 819w, https:\/\/inmabenicio.es\/wp-content\/uploads\/2021\/01\/IMG-20200730-WA0005-768x960.jpg 768w, https:\/\/inmabenicio.es\/wp-content\/uploads\/2021\/01\/IMG-20200730-WA0005-600x750.jpg 600w, https:\/\/inmabenicio.es\/wp-content\/uploads\/2021\/01\/IMG-20200730-WA0005.jpg 1080w\" sizes=\"auto, (max-width: 240px) 100vw, 240px\" \/> <img loading=\"lazy\" decoding=\"async\" class=\"alignnone size-medium wp-image-1618\" src=\"https:\/\/inmabenicio.es\/wp-content\/uploads\/2021\/01\/IMG-20200711-WA0016-225x300.jpg\" alt=\"\" width=\"225\" height=\"300\" srcset=\"https:\/\/inmabenicio.es\/wp-content\/uploads\/2021\/01\/IMG-20200711-WA0016-225x300.jpg 225w, https:\/\/inmabenicio.es\/wp-content\/uploads\/2021\/01\/IMG-20200711-WA0016-768x1024.jpg 768w, https:\/\/inmabenicio.es\/wp-content\/uploads\/2021\/01\/IMG-20200711-WA0016-600x800.jpg 600w, https:\/\/inmabenicio.es\/wp-content\/uploads\/2021\/01\/IMG-20200711-WA0016.jpg 828w\" sizes=\"auto, (max-width: 225px) 100vw, 225px\" \/><\/p>\n<p><strong>Luc\u00eda Hoyos<\/strong>. Modelo y actriz.<\/p>\n<p><img loading=\"lazy\" decoding=\"async\" class=\"alignnone size-medium wp-image-855\" src=\"https:\/\/inmabenicio.es\/wp-content\/uploads\/2020\/12\/Halloween-Lucia-Hoyos-01-1024x758-1-300x222.jpg\" alt=\"\" width=\"300\" height=\"222\" srcset=\"https:\/\/inmabenicio.es\/wp-content\/uploads\/2020\/12\/Halloween-Lucia-Hoyos-01-1024x758-1-300x222.jpg 300w, https:\/\/inmabenicio.es\/wp-content\/uploads\/2020\/12\/Halloween-Lucia-Hoyos-01-1024x758-1-768x569.jpg 768w, https:\/\/inmabenicio.es\/wp-content\/uploads\/2020\/12\/Halloween-Lucia-Hoyos-01-1024x758-1-600x444.jpg 600w, https:\/\/inmabenicio.es\/wp-content\/uploads\/2020\/12\/Halloween-Lucia-Hoyos-01-1024x758-1.jpg 1024w\" sizes=\"auto, (max-width: 300px) 100vw, 300px\" \/> <img loading=\"lazy\" decoding=\"async\" class=\"alignnone size-medium wp-image-857\" src=\"https:\/\/inmabenicio.es\/wp-content\/uploads\/2020\/12\/Halloween-Lucia-Hoyos-03-800x1201-1-200x300.jpg\" alt=\"\" width=\"200\" height=\"300\" srcset=\"https:\/\/inmabenicio.es\/wp-content\/uploads\/2020\/12\/Halloween-Lucia-Hoyos-03-800x1201-1-200x300.jpg 200w, https:\/\/inmabenicio.es\/wp-content\/uploads\/2020\/12\/Halloween-Lucia-Hoyos-03-800x1201-1-682x1024.jpg 682w, https:\/\/inmabenicio.es\/wp-content\/uploads\/2020\/12\/Halloween-Lucia-Hoyos-03-800x1201-1-768x1153.jpg 768w, https:\/\/inmabenicio.es\/wp-content\/uploads\/2020\/12\/Halloween-Lucia-Hoyos-03-800x1201-1-600x901.jpg 600w, https:\/\/inmabenicio.es\/wp-content\/uploads\/2020\/12\/Halloween-Lucia-Hoyos-03-800x1201-1.jpg 800w\" sizes=\"auto, (max-width: 200px) 100vw, 200px\" \/> <img loading=\"lazy\" decoding=\"async\" class=\"alignnone size-medium wp-image-859\" src=\"https:\/\/inmabenicio.es\/wp-content\/uploads\/2020\/12\/Halloween-Lucia-Hoyos-05-1024x758-1-300x222.jpg\" alt=\"\" width=\"300\" height=\"222\" srcset=\"https:\/\/inmabenicio.es\/wp-content\/uploads\/2020\/12\/Halloween-Lucia-Hoyos-05-1024x758-1-300x222.jpg 300w, https:\/\/inmabenicio.es\/wp-content\/uploads\/2020\/12\/Halloween-Lucia-Hoyos-05-1024x758-1-768x569.jpg 768w, https:\/\/inmabenicio.es\/wp-content\/uploads\/2020\/12\/Halloween-Lucia-Hoyos-05-1024x758-1-600x444.jpg 600w, https:\/\/inmabenicio.es\/wp-content\/uploads\/2020\/12\/Halloween-Lucia-Hoyos-05-1024x758-1.jpg 1024w\" sizes=\"auto, (max-width: 300px) 100vw, 300px\" \/> <img loading=\"lazy\" decoding=\"async\" class=\"alignnone size-medium wp-image-860\" src=\"https:\/\/inmabenicio.es\/wp-content\/uploads\/2020\/12\/Halloween-Lucia-Hoyos-06-1024x758-1-300x222.jpg\" alt=\"\" width=\"300\" height=\"222\" srcset=\"https:\/\/inmabenicio.es\/wp-content\/uploads\/2020\/12\/Halloween-Lucia-Hoyos-06-1024x758-1-300x222.jpg 300w, https:\/\/inmabenicio.es\/wp-content\/uploads\/2020\/12\/Halloween-Lucia-Hoyos-06-1024x758-1-768x569.jpg 768w, https:\/\/inmabenicio.es\/wp-content\/uploads\/2020\/12\/Halloween-Lucia-Hoyos-06-1024x758-1-600x444.jpg 600w, https:\/\/inmabenicio.es\/wp-content\/uploads\/2020\/12\/Halloween-Lucia-Hoyos-06-1024x758-1.jpg 1024w\" sizes=\"auto, (max-width: 300px) 100vw, 300px\" \/><\/p>\n<p><strong>Jes\u00fas Mar\u00eda Montes Fern\u00e1ndez\u00a0 \u00a0 \u00a0 \u00a0 \u00a0 \u00a0 \u00a0 \u00a0 \u00a0 \u00a0 \u00a0 \u00a0 \u00a0 \u00a0 \u00a0 \u00a0 \u00a0 \u00a0 \u00a0 Esperanza Delgado<\/strong><\/p>\n<p>Director del programa &lt;Flash Moda&gt; de TVE\u00a0 \u00a0 \u00a0 \u00a0 \u00a0 \u00a0 \u00a0 \u00a0 \u00a0 \u00a0Cantante. La Voz<\/p>\n<p><img loading=\"lazy\" decoding=\"async\" class=\"alignnone size-medium wp-image-1656\" src=\"https:\/\/inmabenicio.es\/wp-content\/uploads\/2021\/02\/jesusmariamontesfernandez_20210201_215535_0-300x300.jpg\" alt=\"\" width=\"300\" height=\"300\" srcset=\"https:\/\/inmabenicio.es\/wp-content\/uploads\/2021\/02\/jesusmariamontesfernandez_20210201_215535_0-300x300.jpg 300w, https:\/\/inmabenicio.es\/wp-content\/uploads\/2021\/02\/jesusmariamontesfernandez_20210201_215535_0-1024x1024.jpg 1024w, https:\/\/inmabenicio.es\/wp-content\/uploads\/2021\/02\/jesusmariamontesfernandez_20210201_215535_0-150x150.jpg 150w, https:\/\/inmabenicio.es\/wp-content\/uploads\/2021\/02\/jesusmariamontesfernandez_20210201_215535_0-768x768.jpg 768w, https:\/\/inmabenicio.es\/wp-content\/uploads\/2021\/02\/jesusmariamontesfernandez_20210201_215535_0-640x640.jpg 640w, https:\/\/inmabenicio.es\/wp-content\/uploads\/2021\/02\/jesusmariamontesfernandez_20210201_215535_0-480x480.jpg 480w, https:\/\/inmabenicio.es\/wp-content\/uploads\/2021\/02\/jesusmariamontesfernandez_20210201_215535_0-666x666.jpg 666w, https:\/\/inmabenicio.es\/wp-content\/uploads\/2021\/02\/jesusmariamontesfernandez_20210201_215535_0-50x50.jpg 50w, https:\/\/inmabenicio.es\/wp-content\/uploads\/2021\/02\/jesusmariamontesfernandez_20210201_215535_0-600x600.jpg 600w, https:\/\/inmabenicio.es\/wp-content\/uploads\/2021\/02\/jesusmariamontesfernandez_20210201_215535_0-100x100.jpg 100w, https:\/\/inmabenicio.es\/wp-content\/uploads\/2021\/02\/jesusmariamontesfernandez_20210201_215535_0.jpg 1080w\" sizes=\"auto, (max-width: 300px) 100vw, 300px\" \/>\u00a0 \u00a0 \u00a0 \u00a0 \u00a0 \u00a0 \u00a0 \u00a0 \u00a0 \u00a0 \u00a0 \u00a0 \u00a0 \u00a0 \u00a0 \u00a0<img loading=\"lazy\" decoding=\"async\" class=\"alignnone size-medium wp-image-1675\" src=\"https:\/\/inmabenicio.es\/wp-content\/uploads\/2020\/12\/laespedeverdad_20210203_170337_0-169x300.jpg\" alt=\"\" width=\"169\" height=\"300\" srcset=\"https:\/\/inmabenicio.es\/wp-content\/uploads\/2020\/12\/laespedeverdad_20210203_170337_0-169x300.jpg 169w, https:\/\/inmabenicio.es\/wp-content\/uploads\/2020\/12\/laespedeverdad_20210203_170337_0-576x1024.jpg 576w, https:\/\/inmabenicio.es\/wp-content\/uploads\/2020\/12\/laespedeverdad_20210203_170337_0-768x1365.jpg 768w, https:\/\/inmabenicio.es\/wp-content\/uploads\/2020\/12\/laespedeverdad_20210203_170337_0-864x1536.jpg 864w, https:\/\/inmabenicio.es\/wp-content\/uploads\/2020\/12\/laespedeverdad_20210203_170337_0-600x1067.jpg 600w, https:\/\/inmabenicio.es\/wp-content\/uploads\/2020\/12\/laespedeverdad_20210203_170337_0.jpg 1080w\" sizes=\"auto, (max-width: 169px) 100vw, 169px\" \/><\/p>\n","protected":false},"excerpt":{"rendered":"<p>Beatriz Jarr\u00edn. Presentadora y colaboradora de TV y radio. Actualmente en el programa &#8220;Austeros&#8221; en La Sexta. Mar Villalobos. Reportera &hellip; <a href=\"https:\/\/inmabenicio.es\/?page_id=1682\" class=\"more-link\"><span class=\"more-button\">Sigue leyendo<span class=\"screen-reader-text\">Nuestras Colaboraciones<\/span><\/span><\/a><\/p>\n","protected":false},"author":1,"featured_media":0,"parent":111,"menu_order":0,"comment_status":"closed","ping_status":"closed","template":"","meta":{"_bbp_topic_count":0,"_bbp_reply_count":0,"_bbp_total_topic_count":0,"_bbp_total_reply_count":0,"_bbp_voice_count":0,"_bbp_anonymous_reply_count":0,"_bbp_topic_count_hidden":0,"_bbp_reply_count_hidden":0,"_bbp_forum_subforum_count":0,"sfsi_plus_gutenberg_text_before_share":"","sfsi_plus_gutenberg_show_text_before_share":"","sfsi_plus_gutenberg_icon_type":"","sfsi_plus_gutenberg_icon_alignemt":"","sfsi_plus_gutenburg_max_per_row":"","footnotes":""},"class_list":["post-1682","page","type-page","status-publish","hentry"],"jetpack_sharing_enabled":true,"_links":{"self":[{"href":"https:\/\/inmabenicio.es\/index.php?rest_route=\/wp\/v2\/pages\/1682","targetHints":{"allow":["GET"]}}],"collection":[{"href":"https:\/\/inmabenicio.es\/index.php?rest_route=\/wp\/v2\/pages"}],"about":[{"href":"https:\/\/inmabenicio.es\/index.php?rest_route=\/wp\/v2\/types\/page"}],"author":[{"embeddable":true,"href":"https:\/\/inmabenicio.es\/index.php?rest_route=\/wp\/v2\/users\/1"}],"replies":[{"embeddable":true,"href":"https:\/\/inmabenicio.es\/index.php?rest_route=%2Fwp%2Fv2%2Fcomments&post=1682"}],"version-history":[{"count":3,"href":"https:\/\/inmabenicio.es\/index.php?rest_route=\/wp\/v2\/pages\/1682\/revisions"}],"predecessor-version":[{"id":1846,"href":"https:\/\/inmabenicio.es\/index.php?rest_route=\/wp\/v2\/pages\/1682\/revisions\/1846"}],"up":[{"embeddable":true,"href":"https:\/\/inmabenicio.es\/index.php?rest_route=\/wp\/v2\/pages\/111"}],"wp:attachment":[{"href":"https:\/\/inmabenicio.es\/index.php?rest_route=%2Fwp%2Fv2%2Fmedia&parent=1682"}],"curies":[{"name":"wp","href":"https:\/\/api.w.org\/{rel}","templated":true}]}}