{"id":167,"date":"2019-11-09T16:58:42","date_gmt":"2019-11-09T15:58:42","guid":{"rendered":"http:\/\/inmabenicio.es\/?page_id=167"},"modified":"2021-02-04T23:26:28","modified_gmt":"2021-02-04T22:26:28","slug":"code-41","status":"publish","type":"page","link":"https:\/\/inmabenicio.es\/?page_id=167","title":{"rendered":"Code 41"},"content":{"rendered":"\r\n<p style=\"font-size: 27px; text-align: center;\"><strong>Colecci\u00f3n &lt; A Z A B A C H E &gt;, del luto al lujo.<\/strong><\/p>\r\n\r\n\r\n\r\n<figure class=\"wp-block-image\"><img loading=\"lazy\" decoding=\"async\" class=\"wp-image-21\" src=\"http:\/\/inmabenicio.es\/wp-content\/uploads\/2019\/11\/IMG_20191011_003800-1024x610.jpg\" alt=\"\" width=\"836\" height=\"498\" srcset=\"https:\/\/inmabenicio.es\/wp-content\/uploads\/2019\/11\/IMG_20191011_003800-1024x610.jpg 1024w, https:\/\/inmabenicio.es\/wp-content\/uploads\/2019\/11\/IMG_20191011_003800-600x358.jpg 600w, https:\/\/inmabenicio.es\/wp-content\/uploads\/2019\/11\/IMG_20191011_003800-300x179.jpg 300w, https:\/\/inmabenicio.es\/wp-content\/uploads\/2019\/11\/IMG_20191011_003800-768x458.jpg 768w, https:\/\/inmabenicio.es\/wp-content\/uploads\/2019\/11\/IMG_20191011_003800-1600x954.jpg 1600w, https:\/\/inmabenicio.es\/wp-content\/uploads\/2019\/11\/IMG_20191011_003800.jpg 1904w\" sizes=\"auto, (max-width: 836px) 100vw, 836px\" \/><\/figure>\r\n\r\n\r\n\r\n<p>La colecci\u00f3n <strong>AZABACHE<\/strong> est\u00e1 inspirada y basada en los distintos significados que ha tenido en la historia el color negro. El negro antiguamente ha sido el color del luto, la tristeza, la oscuridad, y con el paso del tiempo ha pasado a ser un color imprescindible en el vestuario de las mujeres para las mejores fiestas y eventos de noche. Con esta colecci\u00f3n he querido hacer el transito en la historia del color del luto al color preferido en el vestuario de las mujeres para fiestas y eventos.<\/p>\r\n\r\n\r\n\r\n<p>Para ello me he basado en \u201cLa Casa de Bernarda Alba\u201d de Federico Garc\u00eda Lorca y en la \u00e9poca Victoriana del siglo XIX. En \u201cLa Casa de Bernarda Alba\u201d el color negro estaba marcado por la tragedia, la muerte y el luto familiar que se desarrolla en un pueblo de Andaluc\u00eda de clase alta con creencias cat\u00f3licas. En la \u00e9poca Victoriana de ser el color del luto en la alta sociedad fue transform\u00e1ndose con el paso de los a\u00f1os a ser el color elegido por las mujeres para acudir al teatro y fiestas. En esta \u00e9poca la tendencia era la figura reloj de arena, grandes vol\u00famenes, cuellos almidonados, cinturas altas, mangas farol, vestidos abotonados, volantes, \u2026<\/p>\r\n\r\n\r\n\r\n<p>El orden de la colecci\u00f3n evoluciona seg\u00fan lo explicado anteriormente. Escenifico el poder, la masculinidad de la mujer al tener que coger el poder y la rienda familiar tras la muerte, esa mente de patriarcado y machista. Posteriormente pasamos a la tragedia de la muerte hasta llegar a la rebeld\u00eda en un proceso de evoluci\u00f3n. Sin olvidarnos nunca del luto y el duelo familiar. La autoridad pasa a ser libertad y la sumisi\u00f3n a la rebeld\u00eda, hasta llegar al proceso de cambio y romper con lo establecido. El qu\u00e9 dir\u00e1n pasa a tener libertad y a dejarse llevar por las emociones y gustos rompiendo con lo establecido. El color negro pasa a ser un color de luto a un color de lujo, fiesta y libertad.<\/p>\r\n\r\n\r\n\r\n<div class=\"wp-block-image\">\r\n<figure class=\"aligncenter\"><img loading=\"lazy\" decoding=\"async\" width=\"683\" height=\"1024\" class=\"wp-image-201\" src=\"http:\/\/inmabenicio.es\/wp-content\/uploads\/2019\/11\/MG_22591-1-e1573332905852-683x1024.jpg\" alt=\"\" srcset=\"https:\/\/inmabenicio.es\/wp-content\/uploads\/2019\/11\/MG_22591-1-e1573332905852-683x1024.jpg 683w, https:\/\/inmabenicio.es\/wp-content\/uploads\/2019\/11\/MG_22591-1-e1573332905852-600x900.jpg 600w, https:\/\/inmabenicio.es\/wp-content\/uploads\/2019\/11\/MG_22591-1-e1573332905852-200x300.jpg 200w, https:\/\/inmabenicio.es\/wp-content\/uploads\/2019\/11\/MG_22591-1-e1573332905852-768x1152.jpg 768w, https:\/\/inmabenicio.es\/wp-content\/uploads\/2019\/11\/MG_22591-1-e1573332905852-scaled.jpg 1707w\" sizes=\"auto, (max-width: 683px) 100vw, 683px\" \/><\/figure>\r\n<\/div>\r\n\r\n\r\n\r\n<div class=\"wp-block-image\">\r\n<figure class=\"aligncenter\"><img loading=\"lazy\" decoding=\"async\" width=\"683\" height=\"1024\" class=\"wp-image-203\" src=\"http:\/\/inmabenicio.es\/wp-content\/uploads\/2019\/11\/MG_22651-e1573333082949-683x1024.jpg\" alt=\"\" srcset=\"https:\/\/inmabenicio.es\/wp-content\/uploads\/2019\/11\/MG_22651-e1573333082949-683x1024.jpg 683w, https:\/\/inmabenicio.es\/wp-content\/uploads\/2019\/11\/MG_22651-e1573333082949-600x900.jpg 600w, https:\/\/inmabenicio.es\/wp-content\/uploads\/2019\/11\/MG_22651-e1573333082949-200x300.jpg 200w, https:\/\/inmabenicio.es\/wp-content\/uploads\/2019\/11\/MG_22651-e1573333082949-768x1152.jpg 768w, https:\/\/inmabenicio.es\/wp-content\/uploads\/2019\/11\/MG_22651-e1573333082949-scaled.jpg 1707w\" sizes=\"auto, (max-width: 683px) 100vw, 683px\" \/><\/figure>\r\n<\/div>\r\n\r\n\r\n\r\n<div class=\"wp-block-image\">\r\n<figure class=\"aligncenter\"><img loading=\"lazy\" decoding=\"async\" width=\"618\" height=\"1024\" class=\"wp-image-204\" src=\"http:\/\/inmabenicio.es\/wp-content\/uploads\/2019\/11\/MG_22661-e1573333424650-618x1024.jpg\" alt=\"\" srcset=\"https:\/\/inmabenicio.es\/wp-content\/uploads\/2019\/11\/MG_22661-e1573333424650-618x1024.jpg 618w, https:\/\/inmabenicio.es\/wp-content\/uploads\/2019\/11\/MG_22661-e1573333424650-600x994.jpg 600w, https:\/\/inmabenicio.es\/wp-content\/uploads\/2019\/11\/MG_22661-e1573333424650-181x300.jpg 181w, https:\/\/inmabenicio.es\/wp-content\/uploads\/2019\/11\/MG_22661-e1573333424650-768x1272.jpg 768w, https:\/\/inmabenicio.es\/wp-content\/uploads\/2019\/11\/MG_22661-e1573333424650-scaled.jpg 1545w\" sizes=\"auto, (max-width: 618px) 100vw, 618px\" \/><\/figure>\r\n<\/div>\r\n\r\n\r\n\r\n<div class=\"wp-block-image\">\r\n<figure class=\"aligncenter\"><img loading=\"lazy\" decoding=\"async\" width=\"683\" height=\"1024\" class=\"wp-image-205\" src=\"http:\/\/inmabenicio.es\/wp-content\/uploads\/2019\/11\/MG_22761-e1573333655794-683x1024.jpg\" alt=\"\" srcset=\"https:\/\/inmabenicio.es\/wp-content\/uploads\/2019\/11\/MG_22761-e1573333655794-683x1024.jpg 683w, https:\/\/inmabenicio.es\/wp-content\/uploads\/2019\/11\/MG_22761-e1573333655794-600x900.jpg 600w, https:\/\/inmabenicio.es\/wp-content\/uploads\/2019\/11\/MG_22761-e1573333655794-200x300.jpg 200w, https:\/\/inmabenicio.es\/wp-content\/uploads\/2019\/11\/MG_22761-e1573333655794-768x1152.jpg 768w, https:\/\/inmabenicio.es\/wp-content\/uploads\/2019\/11\/MG_22761-e1573333655794-scaled.jpg 1707w\" sizes=\"auto, (max-width: 683px) 100vw, 683px\" \/><\/figure>\r\n<\/div>\r\n\r\n\r\n\r\n<div class=\"wp-block-image\">\r\n<figure class=\"aligncenter\"><img loading=\"lazy\" decoding=\"async\" width=\"683\" height=\"1024\" class=\"wp-image-206\" src=\"http:\/\/inmabenicio.es\/wp-content\/uploads\/2019\/11\/MG_22781-e1573333734398-683x1024.jpg\" alt=\"\" srcset=\"https:\/\/inmabenicio.es\/wp-content\/uploads\/2019\/11\/MG_22781-e1573333734398-683x1024.jpg 683w, https:\/\/inmabenicio.es\/wp-content\/uploads\/2019\/11\/MG_22781-e1573333734398-600x900.jpg 600w, https:\/\/inmabenicio.es\/wp-content\/uploads\/2019\/11\/MG_22781-e1573333734398-200x300.jpg 200w, https:\/\/inmabenicio.es\/wp-content\/uploads\/2019\/11\/MG_22781-e1573333734398-768x1152.jpg 768w, https:\/\/inmabenicio.es\/wp-content\/uploads\/2019\/11\/MG_22781-e1573333734398-scaled.jpg 1707w\" sizes=\"auto, (max-width: 683px) 100vw, 683px\" \/><\/figure>\r\n<\/div>\r\n\r\n\r\n\r\n<div class=\"wp-block-image\">\r\n<figure class=\"aligncenter\"><img loading=\"lazy\" decoding=\"async\" width=\"497\" height=\"1024\" class=\"wp-image-207\" src=\"http:\/\/inmabenicio.es\/wp-content\/uploads\/2019\/11\/MG_22831-e1573333857862-497x1024.jpg\" alt=\"\" srcset=\"https:\/\/inmabenicio.es\/wp-content\/uploads\/2019\/11\/MG_22831-e1573333857862-497x1024.jpg 497w, https:\/\/inmabenicio.es\/wp-content\/uploads\/2019\/11\/MG_22831-e1573333857862-600x1236.jpg 600w, https:\/\/inmabenicio.es\/wp-content\/uploads\/2019\/11\/MG_22831-e1573333857862-146x300.jpg 146w, https:\/\/inmabenicio.es\/wp-content\/uploads\/2019\/11\/MG_22831-e1573333857862-768x1583.jpg 768w, https:\/\/inmabenicio.es\/wp-content\/uploads\/2019\/11\/MG_22831-e1573333857862-scaled.jpg 1242w\" sizes=\"auto, (max-width: 497px) 100vw, 497px\" \/><\/figure>\r\n<\/div>\r\n\r\n\r\n\r\n<div class=\"wp-block-image\">\r\n<figure class=\"aligncenter\"><img loading=\"lazy\" decoding=\"async\" width=\"689\" height=\"1024\" class=\"wp-image-208\" src=\"http:\/\/inmabenicio.es\/wp-content\/uploads\/2019\/11\/MG_22841-e1573333926673-689x1024.jpg\" alt=\"\" srcset=\"https:\/\/inmabenicio.es\/wp-content\/uploads\/2019\/11\/MG_22841-e1573333926673-689x1024.jpg 689w, https:\/\/inmabenicio.es\/wp-content\/uploads\/2019\/11\/MG_22841-e1573333926673-600x892.jpg 600w, https:\/\/inmabenicio.es\/wp-content\/uploads\/2019\/11\/MG_22841-e1573333926673-202x300.jpg 202w, https:\/\/inmabenicio.es\/wp-content\/uploads\/2019\/11\/MG_22841-e1573333926673-768x1142.jpg 768w, https:\/\/inmabenicio.es\/wp-content\/uploads\/2019\/11\/MG_22841-e1573333926673-scaled.jpg 1722w\" sizes=\"auto, (max-width: 689px) 100vw, 689px\" \/><\/figure>\r\n<\/div>\r\n\r\n\r\n\r\n<figure class=\"wp-block-image\"><img loading=\"lazy\" decoding=\"async\" width=\"1024\" height=\"911\" class=\"wp-image-214\" src=\"http:\/\/inmabenicio.es\/wp-content\/uploads\/2019\/11\/MG_22901-e1573334039529-1024x911.jpg\" alt=\"\" srcset=\"https:\/\/inmabenicio.es\/wp-content\/uploads\/2019\/11\/MG_22901-e1573334039529-1024x911.jpg 1024w, https:\/\/inmabenicio.es\/wp-content\/uploads\/2019\/11\/MG_22901-e1573334039529-600x534.jpg 600w, https:\/\/inmabenicio.es\/wp-content\/uploads\/2019\/11\/MG_22901-e1573334039529-300x267.jpg 300w, https:\/\/inmabenicio.es\/wp-content\/uploads\/2019\/11\/MG_22901-e1573334039529-768x683.jpg 768w\" sizes=\"auto, (max-width: 1024px) 100vw, 1024px\" \/><\/figure>\r\n\r\n\r\n\r\n<figure class=\"wp-block-image is-resized\"><img loading=\"lazy\" decoding=\"async\" class=\"wp-image-210\" src=\"http:\/\/inmabenicio.es\/wp-content\/uploads\/2019\/11\/MG_22981-1-1024x683.jpg\" alt=\"\" width=\"767\" height=\"511\" srcset=\"https:\/\/inmabenicio.es\/wp-content\/uploads\/2019\/11\/MG_22981-1-1024x683.jpg 1024w, https:\/\/inmabenicio.es\/wp-content\/uploads\/2019\/11\/MG_22981-1-600x400.jpg 600w, https:\/\/inmabenicio.es\/wp-content\/uploads\/2019\/11\/MG_22981-1-300x200.jpg 300w, https:\/\/inmabenicio.es\/wp-content\/uploads\/2019\/11\/MG_22981-1-768x512.jpg 768w\" sizes=\"auto, (max-width: 767px) 100vw, 767px\" \/><\/figure>\r\n\r\n\r\n\r\n<div class=\"wp-block-image\">\r\n<figure class=\"aligncenter\"><img loading=\"lazy\" decoding=\"async\" width=\"1024\" height=\"683\" class=\"wp-image-211\" src=\"http:\/\/inmabenicio.es\/wp-content\/uploads\/2019\/11\/MG_22991-1024x683.jpg\" alt=\"\" srcset=\"https:\/\/inmabenicio.es\/wp-content\/uploads\/2019\/11\/MG_22991-1024x683.jpg 1024w, https:\/\/inmabenicio.es\/wp-content\/uploads\/2019\/11\/MG_22991-600x400.jpg 600w, https:\/\/inmabenicio.es\/wp-content\/uploads\/2019\/11\/MG_22991-300x200.jpg 300w, https:\/\/inmabenicio.es\/wp-content\/uploads\/2019\/11\/MG_22991-768x512.jpg 768w\" sizes=\"auto, (max-width: 1024px) 100vw, 1024px\" \/><\/figure>\r\n<\/div>\r\n\r\n\r\n\r\n<figure class=\"wp-block-embed-youtube wp-block-embed is-type-video is-provider-youtube wp-embed-aspect-4-3 wp-has-aspect-ratio\">\r\n<div class=\"wp-block-embed__wrapper\">https:\/\/www.youtube.com\/watch?v=rg5VmzOyQVQ<\/div>\r\n<figcaption>Carrusel Colecci\u00f3n &lt; A Z A B A C H E &gt;<br \/>Code 41 Talent 2019<\/figcaption>\r\n<\/figure>\r\n","protected":false},"excerpt":{"rendered":"<p>Colecci\u00f3n &lt; A Z A B A C H E &gt;, del luto al lujo. La colecci\u00f3n AZABACHE est\u00e1 inspirada &hellip; <a href=\"https:\/\/inmabenicio.es\/?page_id=167\" class=\"more-link\"><span class=\"more-button\">Sigue leyendo<span class=\"screen-reader-text\">Code 41<\/span><\/span><\/a><\/p>\n","protected":false},"author":1,"featured_media":0,"parent":58,"menu_order":1,"comment_status":"open","ping_status":"closed","template":"","meta":{"_bbp_topic_count":0,"_bbp_reply_count":0,"_bbp_total_topic_count":0,"_bbp_total_reply_count":0,"_bbp_voice_count":0,"_bbp_anonymous_reply_count":0,"_bbp_topic_count_hidden":0,"_bbp_reply_count_hidden":0,"_bbp_forum_subforum_count":0,"sfsi_plus_gutenberg_text_before_share":"","sfsi_plus_gutenberg_show_text_before_share":"","sfsi_plus_gutenberg_icon_type":"","sfsi_plus_gutenberg_icon_alignemt":"","sfsi_plus_gutenburg_max_per_row":"","footnotes":""},"class_list":["post-167","page","type-page","status-publish","hentry"],"jetpack_sharing_enabled":true,"_links":{"self":[{"href":"https:\/\/inmabenicio.es\/index.php?rest_route=\/wp\/v2\/pages\/167","targetHints":{"allow":["GET"]}}],"collection":[{"href":"https:\/\/inmabenicio.es\/index.php?rest_route=\/wp\/v2\/pages"}],"about":[{"href":"https:\/\/inmabenicio.es\/index.php?rest_route=\/wp\/v2\/types\/page"}],"author":[{"embeddable":true,"href":"https:\/\/inmabenicio.es\/index.php?rest_route=\/wp\/v2\/users\/1"}],"replies":[{"embeddable":true,"href":"https:\/\/inmabenicio.es\/index.php?rest_route=%2Fwp%2Fv2%2Fcomments&post=167"}],"version-history":[{"count":12,"href":"https:\/\/inmabenicio.es\/index.php?rest_route=\/wp\/v2\/pages\/167\/revisions"}],"predecessor-version":[{"id":1817,"href":"https:\/\/inmabenicio.es\/index.php?rest_route=\/wp\/v2\/pages\/167\/revisions\/1817"}],"up":[{"embeddable":true,"href":"https:\/\/inmabenicio.es\/index.php?rest_route=\/wp\/v2\/pages\/58"}],"wp:attachment":[{"href":"https:\/\/inmabenicio.es\/index.php?rest_route=%2Fwp%2Fv2%2Fmedia&parent=167"}],"curies":[{"name":"wp","href":"https:\/\/api.w.org\/{rel}","templated":true}]}}